{"id":2,"date":"2023-03-18T15:49:31","date_gmt":"2023-03-18T14:49:31","guid":{"rendered":"http:\/\/artetmemoire-maghreb.org\/?page_id=2"},"modified":"2023-04-11T19:08:10","modified_gmt":"2023-04-11T17:08:10","slug":"quisommesnous","status":"publish","type":"page","link":"https:\/\/artetmemoire-maghreb.org\/index.php\/quisommesnous\/","title":{"rendered":"Qui sommes-nous ?"},"content":{"rendered":"\n<p><\/p>\n\n\n\n<div class=\"wp-block-columns has-background is-layout-flex wp-container-core-columns-is-layout-9db31a36 wp-block-columns-is-layout-flex\" style=\"background:linear-gradient(90deg,rgb(242,242,242) 21%,rgb(39,128,140) 21%,rgb(39,128,140) 50%,rgb(242,24,24) 50%,rgb(242,242,242) 50%);padding-top:50px;padding-bottom:50px\">\n<div class=\"wp-block-column is-vertically-aligned-center is-layout-flow wp-block-column-is-layout-flow\">\n<figure class=\"wp-block-image aligncenter size-full\"><img loading=\"lazy\" decoding=\"async\" width=\"460\" height=\"321\" src=\"http:\/\/artetmemoire-maghreb.org\/wp-content\/uploads\/2023\/04\/NewLogoresize.gif\" alt=\"\" class=\"wp-image-164\"\/><\/figure>\n<\/div>\n\n\n\n<div class=\"wp-block-column is-vertically-aligned-center is-layout-flow wp-block-column-is-layout-flow\" style=\"padding-left:50px\">\n<p>L\u2019Association <strong><em>Art et m\u00e9moire au Maghreb<\/em><\/strong>, cr\u00e9\u00e9e en 2007, souhaite contribuer \u00e0 \u00e9clairer l\u2019histoire du Maghreb contemporain, en particulier par le prisme des arts visuels (peinture, photographie, bande dessin\u00e9e, cin\u00e9ma) mais pas seulement, nous sollicitons parfois la litt\u00e9rature, la musique, etc.. L\u2019Association s\u2019est donn\u00e9e \u00e9galement pour mission la constitution d\u2019un fond d\u2019\u0153uvres originales \u00e9voquant la p\u00e9riode coloniale ou des d\u00e9colonisations. Depuis sa cr\u00e9ation, l\u2019Association a r\u00e9alis\u00e9 plusieurs expositions, anim\u00e9 des conf\u00e9rences, particip\u00e9 \u00e0 plusieurs reprises au Printemps des Po\u00e8tes, organis\u00e9 des Cin\u00e9villes accompagn\u00e9s de d\u00e9bats. Ces diff\u00e9rentes manifestations culturelles ont eu lieu en g\u00e9n\u00e9ral \u00e0 Vitry-sur-Seine (Biblioth\u00e8que Nelson Mandela, Th\u00e9\u00e2tre Jean Vilar, Centre Culturel, 3 Cin\u00e9s Robespierre) mais \u00e9galement \u00e0 Paris (Centre culturel alg\u00e9rien, Pavillon Bourguiba), au Ch\u00e2teau du Val Fleury \u00e0 Gif-sur-Yvette, \u00e0 Tunis (Club Tahar Haddad) et au Fort ottoman de Ghar El Melh (Tunisie).<\/p>\n\n\n\n<div class=\"wp-block-buttons is-layout-flex wp-block-buttons-is-layout-flex\" style=\"margin-top:40px\"><\/div>\n<\/div>\n<\/div>\n\n\n\n<p class=\"has-medium-font-size\"><strong>Nos actions r\u00e9centes : <\/strong><\/p>\n\n\n\n<p>Parmi les derni\u00e8res initiatives les plus marquantes, signalons l\u2019exposition con\u00e7ue et pr\u00e9par\u00e9e par l\u2019Association intitul\u00e9e <strong><em>La Bande dessin\u00e9e au Maghreb. Histoire et r\u00e9sistance<\/em>, <\/strong>avec la pr\u00e9sentation de &nbsp;planches originales d\u2019artistes-b\u00e9d\u00e9istes-caricaturistes qui vivent et produisent au Maghreb&nbsp;: Lahcen Bakhti, Chedly Belkhamsa, Zineb El Fasiki, Nawel Louerrad, Slim, Willis from Tunis. C\u2019est en effet \u00e0 travers le 9<sup>e<\/sup> art, que l\u2019approche historique et soci\u00e9tale de cette r\u00e9gion en pleine \u00e9bullition a \u00e9t\u00e9 abord\u00e9e.&nbsp;Cette exposition a \u00e9t\u00e9 pr\u00e9sent\u00e9e \u00e0 la Maison de la Vie Associative \u00e0 Vitry sur Seine, en novembre 2019 et au Ch\u00e2teau du Val Fleury \u00e0 Gif-sur-Yvette, dans le cadre du Festival Vo-Vf, en octobre 2020. Cette exposition a permis la tenue d\u2019une table ronde qui a r\u00e9uni les artistes expos\u00e9s et des universitaires pour \u00e9voquer la libert\u00e9 d\u2019expression et de cr\u00e9ation dans les pays du Maghreb.<\/p>\n\n\n\n<p>Puis en novembre 2021, l\u2019Association s\u2019est pench\u00e9e sur les 10 ans de la \u00abr\u00e9volution\u00bb tunisienne. Apr\u00e8s une d\u00e9cennie, il nous a sembl\u00e9 pertinent de revenir sur cet \u00e9v\u00e8nement qui a eu un retentissement mondial, sur ses acquis soci\u00e9taux mais aussi sur les combats men\u00e9s tout au long de cette p\u00e9riode. Cette exposition du photographe tunisien, Hamideddine BOUALI, que nous avons intitul\u00e9 \u00ab<strong><em>&nbsp;2011-2021. Retours sur la \u00ab&nbsp;r\u00e9volution&nbsp;\u00bb tunisienne&nbsp;?\u00bb <\/em><\/strong>a permis d\u2019illustrer cette d\u00e9cennie pleine de rebondissements. Elle a \u00e9t\u00e9 pr\u00e9sent\u00e9e \u00e0 Vitry sur Seine, puis en mars 2022 au Pavillon Bourguiba de la Fondation de Tunisie \u00e0 Paris.<\/p>\n\n\n\n<p>L\u2019Association a \u00e9galement organis\u00e9 \u00e0 Vitry une exposition du 15 mars au 15 avril 2022 intitul\u00e9e&nbsp;: <strong><em>Le d\u00e9sir. Po\u00e8mes illustr\u00e9s d\u2019ici et d\u2019ailleurs.<\/em><\/strong> Mais c\u2019est surtout le 60<sup>e<\/sup> anniversaire des Accords d\u2019Evian (mars 1962) et de l\u2019ind\u00e9pendance de l\u2019Alg\u00e9rie (juillet 1962) qui mobilise l\u2019Association en cette ann\u00e9e 2022 avec la mise en place de plusieurs initiatives, notamment la projection du film \u00ab&nbsp;<em>Guerre d\u2019Alg\u00e9rie (1954-1962). L\u2019engagement de Lucien Hanoun&nbsp;\u00bb <\/em>(R. Mourlon)ainsi que la pr\u00e9paration de la pr\u00e9sente exposition <strong><em>Guerre et paix en Alg\u00e9rie&nbsp;: t\u00e9moignages d\u2019artistes hier et aujourd\u2019hui<\/em><\/strong>, compos\u00e9e d\u2019\u0153uvres originales r\u00e9alis\u00e9es par des peintres fran\u00e7ais, europ\u00e9ens et alg\u00e9riens qui voulaient montrer, par leur art, leur opposition \u00e0 la guerre men\u00e9e par la France en Alg\u00e9rie. Cette exposition est compl\u00e9t\u00e9e par des documents iconographiques et d\u2019archives embl\u00e9matiques de cette p\u00e9riode, issus des Fonds photographiques de l\u2019ECPAD du Minist\u00e8re de la D\u00e9fense, d\u2019une part, et la collection originale et unique du Journal clandestin \u00ab&nbsp;V\u00e9rit\u00e9-Libert\u00e9&nbsp;\u00bb (1960-1962) et des exemplaires de la Revue&nbsp;<em>Esprit<\/em>&nbsp;(1950-1962). Une table ronde&nbsp;: <strong><em>L\u2019Alg\u00e9rie, de l\u2019ind\u00e9pendance \u00e0 nos jours<\/em><\/strong> accompagne cette exposition (18 juin), ainsi que la projection du documentaire \u00ab&nbsp;<em>Les coulisses suisses de la guerre d\u2019Alg\u00e9rie<\/em>&nbsp;\u00bb (P.A Thi\u00e9baud) et du film d\u2019Abdelkrim Bahloul \u00ab&nbsp;<em>Le soleil assassin\u00e9<\/em>&nbsp;\u00bb le 21 juin, s\u00e9ance anim\u00e9e par le r\u00e9alisateur aux 3 Cin\u00e9s Robespierre.<\/p>\n\n\n\n<div class=\"wp-block-columns has-background is-layout-flex wp-container-core-columns-is-layout-9db31a36 wp-block-columns-is-layout-flex\" style=\"background:linear-gradient(90deg,rgb(242,242,242) 21%,rgb(39,128,140) 21%,rgb(39,128,140) 50%,rgb(242,24,24) 50%,rgb(242,242,242) 50%);padding-top:50px;padding-bottom:50px\">\n<div class=\"wp-block-column is-vertically-aligned-center is-layout-flow wp-block-column-is-layout-flow\">\n<figure class=\"wp-block-image aligncenter size-full\"><img loading=\"lazy\" decoding=\"async\" width=\"840\" height=\"357\" src=\"http:\/\/artetmemoire-maghreb.org\/wp-content\/uploads\/2023\/04\/Bureau.jpg\" alt=\"\" class=\"wp-image-173\" srcset=\"https:\/\/artetmemoire-maghreb.org\/wp-content\/uploads\/2023\/04\/Bureau.jpg 840w, https:\/\/artetmemoire-maghreb.org\/wp-content\/uploads\/2023\/04\/Bureau-300x128.jpg 300w, https:\/\/artetmemoire-maghreb.org\/wp-content\/uploads\/2023\/04\/Bureau-768x326.jpg 768w\" sizes=\"auto, (max-width: 840px) 100vw, 840px\" \/><\/figure>\n<\/div>\n\n\n\n<div class=\"wp-block-column is-vertically-aligned-center is-layout-flow wp-block-column-is-layout-flow\" style=\"padding-left:50px\">\n<div class=\"wp-block-buttons is-content-justification-center is-layout-flex wp-container-core-buttons-is-layout-f12d01a3 wp-block-buttons-is-layout-flex\" style=\"margin-top:40px\">\n<div class=\"wp-block-button\"><a class=\"wp-block-button__link has-text-align-left wp-element-button\"><strong>Bureau <\/strong>:<\/a><\/div>\n\n\n\n<div class=\"wp-block-button has-custom-width wp-block-button__width-50\"><a class=\"wp-block-button__link has-text-align-left wp-element-button\">  <\/a><\/div>\n\n\n\n<div class=\"wp-block-button is-style-outline is-style-outline--1\"><a class=\"wp-block-button__link wp-element-button\">Pr\u00e9sidente : Chantal Chanson-Jabeur<\/a><\/div>\n\n\n\n<div class=\"wp-block-button is-style-outline is-style-outline--2\"><a class=\"wp-block-button__link wp-element-button\">Secr\u00e9taire : Sylvie Barbier            <\/a><\/div>\n\n\n\n<div class=\"wp-block-button is-style-outline is-style-outline--3\"><a class=\"wp-block-button__link wp-element-button\">Tr\u00e9sori\u00e8re : Vonny Kerever<\/a><\/div>\n<\/div>\n\n\n\n<hr class=\"wp-block-separator has-alpha-channel-opacity\"\/>\n\n\n\n<p><em>Webmestre : Guillaume Chanson<\/em><\/p>\n<\/div>\n<\/div>\n\n\n\n<p><\/p>\n","protected":false},"excerpt":{"rendered":"<p>Nos actions r\u00e9centes : Parmi les derni\u00e8res initiatives les plus marquantes, signalons l\u2019exposition con\u00e7ue et pr\u00e9par\u00e9e par l\u2019Association intitul\u00e9e La Bande dessin\u00e9e au Maghreb. Histoire et r\u00e9sistance, avec la pr\u00e9sentation de &nbsp;planches originales d\u2019artistes-b\u00e9d\u00e9istes-caricaturistes qui vivent et produisent au Maghreb&nbsp;: Lahcen Bakhti, Chedly Belkhamsa, Zineb El Fasiki, Nawel Louerrad, Slim, Willis from Tunis. C\u2019est en [&hellip;]<\/p>\n","protected":false},"author":1,"featured_media":0,"parent":0,"menu_order":0,"comment_status":"closed","ping_status":"open","template":"","meta":{"footnotes":""},"class_list":["post-2","page","type-page","status-publish","hentry"],"_links":{"self":[{"href":"https:\/\/artetmemoire-maghreb.org\/index.php\/wp-json\/wp\/v2\/pages\/2","targetHints":{"allow":["GET"]}}],"collection":[{"href":"https:\/\/artetmemoire-maghreb.org\/index.php\/wp-json\/wp\/v2\/pages"}],"about":[{"href":"https:\/\/artetmemoire-maghreb.org\/index.php\/wp-json\/wp\/v2\/types\/page"}],"author":[{"embeddable":true,"href":"https:\/\/artetmemoire-maghreb.org\/index.php\/wp-json\/wp\/v2\/users\/1"}],"replies":[{"embeddable":true,"href":"https:\/\/artetmemoire-maghreb.org\/index.php\/wp-json\/wp\/v2\/comments?post=2"}],"version-history":[{"count":14,"href":"https:\/\/artetmemoire-maghreb.org\/index.php\/wp-json\/wp\/v2\/pages\/2\/revisions"}],"predecessor-version":[{"id":238,"href":"https:\/\/artetmemoire-maghreb.org\/index.php\/wp-json\/wp\/v2\/pages\/2\/revisions\/238"}],"wp:attachment":[{"href":"https:\/\/artetmemoire-maghreb.org\/index.php\/wp-json\/wp\/v2\/media?parent=2"}],"curies":[{"name":"wp","href":"https:\/\/api.w.org\/{rel}","templated":true}]}}