{"id":290,"date":"2025-03-04T14:08:36","date_gmt":"2025-03-04T13:08:36","guid":{"rendered":"http:\/\/artetmemoire-maghreb.org\/?page_id=290"},"modified":"2025-03-16T21:23:29","modified_gmt":"2025-03-16T20:23:29","slug":"autres-evenements","status":"publish","type":"page","link":"https:\/\/artetmemoire-maghreb.org\/index.php\/autres-evenements\/","title":{"rendered":"Autres \u00e9v\u00e8nements"},"content":{"rendered":"\n<div class=\"wp-block-group alignfull is-layout-flow wp-block-group-is-layout-flow\" style=\"margin-top:0px;margin-bottom:0px\"><\/div>\n\n\n\n<div class=\"wp-block-columns has-background is-layout-flex wp-container-core-columns-is-layout-9db31a36 wp-block-columns-is-layout-flex\" style=\"background:linear-gradient(90deg,rgb(242,242,242) 21%,rgb(39,128,140) 21%,rgb(39,128,140) 50%,rgb(242,24,24) 50%,rgb(242,242,242) 50%);padding-top:50px;padding-bottom:50px\">\n<div class=\"wp-block-column is-vertically-aligned-center is-layout-flow wp-block-column-is-layout-flow\">\n<figure class=\"wp-block-image aligncenter size-full\"><img loading=\"lazy\" decoding=\"async\" width=\"460\" height=\"246\" src=\"http:\/\/artetmemoire-maghreb.org\/wp-content\/uploads\/2023\/04\/Conference-Algerie-2021.jpg\" alt=\"\" class=\"wp-image-215\" srcset=\"https:\/\/artetmemoire-maghreb.org\/wp-content\/uploads\/2023\/04\/Conference-Algerie-2021.jpg 460w, https:\/\/artetmemoire-maghreb.org\/wp-content\/uploads\/2023\/04\/Conference-Algerie-2021-300x160.jpg 300w\" sizes=\"auto, (max-width: 460px) 100vw, 460px\" \/><\/figure>\n<\/div>\n\n\n\n<div class=\"wp-block-column is-vertically-aligned-center is-layout-flow wp-block-column-is-layout-flow\" style=\"padding-left:50px\">\n<p class=\"has-medium-font-size\"><strong>D\u00e9dicaces : <\/strong><\/p>\n\n\n\n<p>L\u2019Association organise r\u00e9guli\u00e8rement des rencontres-d\u00e9dicaces afin de permettre l&rsquo;\u00e9change avec des auteurs contemporains.<\/p>\n\n\n\n<div class=\"wp-block-buttons is-layout-flex wp-block-buttons-is-layout-flex\" style=\"margin-top:40px\"><\/div>\n<\/div>\n<\/div>\n\n\n\n<figure class=\"wp-block-image aligncenter size-large\"><img loading=\"lazy\" decoding=\"async\" width=\"1024\" height=\"456\" src=\"http:\/\/artetmemoire-maghreb.org\/wp-content\/uploads\/2025\/03\/Dedicace2025-1024x456.gif\" alt=\"\" class=\"wp-image-292\" srcset=\"https:\/\/artetmemoire-maghreb.org\/wp-content\/uploads\/2025\/03\/Dedicace2025-1024x456.gif 1024w, https:\/\/artetmemoire-maghreb.org\/wp-content\/uploads\/2025\/03\/Dedicace2025-300x134.gif 300w, https:\/\/artetmemoire-maghreb.org\/wp-content\/uploads\/2025\/03\/Dedicace2025-768x342.gif 768w, https:\/\/artetmemoire-maghreb.org\/wp-content\/uploads\/2025\/03\/Dedicace2025-1536x684.gif 1536w\" sizes=\"auto, (max-width: 1024px) 100vw, 1024px\" \/><\/figure>\n\n\n\n<figure class=\"wp-block-image aligncenter size-full\"><img loading=\"lazy\" decoding=\"async\" width=\"931\" height=\"406\" src=\"http:\/\/artetmemoire-maghreb.org\/wp-content\/uploads\/2025\/03\/Dedicace2025b.gif\" alt=\"\" class=\"wp-image-293\"\/><\/figure>\n","protected":false},"excerpt":{"rendered":"<p>D\u00e9dicaces : L\u2019Association organise r\u00e9guli\u00e8rement des rencontres-d\u00e9dicaces afin de permettre l&rsquo;\u00e9change avec des auteurs contemporains.<\/p>\n","protected":false},"author":1,"featured_media":0,"parent":0,"menu_order":0,"comment_status":"closed","ping_status":"closed","template":"","meta":{"footnotes":""},"class_list":["post-290","page","type-page","status-publish","hentry"],"_links":{"self":[{"href":"https:\/\/artetmemoire-maghreb.org\/index.php\/wp-json\/wp\/v2\/pages\/290","targetHints":{"allow":["GET"]}}],"collection":[{"href":"https:\/\/artetmemoire-maghreb.org\/index.php\/wp-json\/wp\/v2\/pages"}],"about":[{"href":"https:\/\/artetmemoire-maghreb.org\/index.php\/wp-json\/wp\/v2\/types\/page"}],"author":[{"embeddable":true,"href":"https:\/\/artetmemoire-maghreb.org\/index.php\/wp-json\/wp\/v2\/users\/1"}],"replies":[{"embeddable":true,"href":"https:\/\/artetmemoire-maghreb.org\/index.php\/wp-json\/wp\/v2\/comments?post=290"}],"version-history":[{"count":2,"href":"https:\/\/artetmemoire-maghreb.org\/index.php\/wp-json\/wp\/v2\/pages\/290\/revisions"}],"predecessor-version":[{"id":302,"href":"https:\/\/artetmemoire-maghreb.org\/index.php\/wp-json\/wp\/v2\/pages\/290\/revisions\/302"}],"wp:attachment":[{"href":"https:\/\/artetmemoire-maghreb.org\/index.php\/wp-json\/wp\/v2\/media?parent=290"}],"curies":[{"name":"wp","href":"https:\/\/api.w.org\/{rel}","templated":true}]}}